{"id":816,"date":"2024-07-12T12:32:03","date_gmt":"2024-07-12T11:32:03","guid":{"rendered":"http:\/\/ktvnepomuk.cz\/?page_id=816"},"modified":"2024-07-12T12:34:04","modified_gmt":"2024-07-12T11:34:04","slug":"projekty-eu","status":"publish","type":"page","link":"http:\/\/ktvnepomuk.cz\/?page_id=816","title":{"rendered":"projekty EU"},"content":{"rendered":"\n<p>N\u00e1zev projektu: Zv\u00fd\u0161en\u00ed digit\u00e1ln\u00ed \u00farovn\u011b proces\u016f ve spole\u010dnosti KTV Nepomuk s.r.o.<br \/>Komponenta: Digit\u00e1ln\u00ed transformace podnik\u016f<br \/>N\u00e1zev v\u00fdzvy: Digit\u00e1ln\u00ed podnik \u2013 I. V\u00fdzva<br \/>Registra\u010dn\u00ed \u010d\u00edslo: CZ.31.2.0\/0.0\/0.0\/22_014\/0005401<br \/>Harmonogram: 1. 11. \u00a02022 \u2013 30. 6. 2024<\/p>\n<p>C\u00edlem projektu je budov\u00e1n\u00ed digit\u00e1ln\u00edho podniku a zv\u00fd\u0161en\u00ed digit\u00e1ln\u00ed \u00farovn\u011b proces\u016f ve spole\u010dnosti KTV Nepomuk s.r.o. D\u00edl\u010d\u00edm v\u00fdstupem je po\u0159\u00edzen\u00ed HW a SW n\u00e1stroj\u016f nev\u00fdrobn\u00edho charakteru, prost\u0159ednictv\u00edm kter\u00fdch dojde k digit\u00e1ln\u00ed transformaci spole\u010dnosti, a t\u00edm p\u00e1dem ke zv\u00fd\u0161en\u00ed efektivity, pos\u00edlen\u00ed ekonomick\u00e9 rentability a zv\u00fd\u0161en\u00ed \u00farovn\u011b kybernetick\u00e9 bezpe\u010dnosti a digitalizace.<\/p>\n<table style=\"border-collapse: collapse; width: 100%;\">\n<tbody>\n<tr>\n<td style=\"width: 33.3333%;\"><img decoding=\"async\" src=\"http:\/\/ktvnepomuk.cz\/wp-content\/uploads\/2024\/07\/eu.jpg\" \/><\/td>\n<td style=\"width: 33.3333%;\"><img decoding=\"async\" src=\"http:\/\/ktvnepomuk.cz\/wp-content\/uploads\/2024\/07\/narod.jpg\" \/><\/td>\n<td style=\"width: 33.3333%;\"><img decoding=\"async\" src=\"http:\/\/ktvnepomuk.cz\/wp-content\/uploads\/2024\/07\/mini.jpg\" \/><\/td>\n<\/tr>\n<\/tbody>\n<\/table>\n<p>\u00a0<\/p>\n","protected":false},"excerpt":{"rendered":"<p>N\u00e1zev projektu: Zv\u00fd\u0161en\u00ed digit\u00e1ln\u00ed \u00farovn\u011b proces\u016f ve spole\u010dnosti KTV Nepomuk s.r.o.Komponenta: Digit\u00e1ln\u00ed transformace podnik\u016fN\u00e1zev v\u00fdzvy: Digit\u00e1ln\u00ed podnik \u2013 I. V\u00fdzvaRegistra\u010dn\u00ed \u010d\u00edslo: CZ.31.2.0\/0.0\/0.0\/22_014\/0005401Harmonogram: 1. 11. \u00a02022 \u2013 30. 6. 2024 C\u00edlem projektu je budov\u00e1n\u00ed digit\u00e1ln\u00edho podniku a zv\u00fd\u0161en\u00ed digit\u00e1ln\u00ed \u00farovn\u011b proces\u016f ve spole\u010dnosti KTV Nepomuk s.r.o. D\u00edl\u010d\u00edm v\u00fdstupem je po\u0159\u00edzen\u00ed HW <a class=\"more-link\" href=\"http:\/\/ktvnepomuk.cz\/?page_id=816\">Cel\u00fd \u010dl\u00e1nek  <span class=\"screen-reader-text\">  projekty EU<\/span><span class=\"meta-nav\">&rarr;<\/span><\/a><\/p>\n","protected":false},"author":1,"featured_media":0,"parent":0,"menu_order":0,"comment_status":"closed","ping_status":"closed","template":"","meta":[],"_links":{"self":[{"href":"http:\/\/ktvnepomuk.cz\/index.php?rest_route=\/wp\/v2\/pages\/816"}],"collection":[{"href":"http:\/\/ktvnepomuk.cz\/index.php?rest_route=\/wp\/v2\/pages"}],"about":[{"href":"http:\/\/ktvnepomuk.cz\/index.php?rest_route=\/wp\/v2\/types\/page"}],"author":[{"embeddable":true,"href":"http:\/\/ktvnepomuk.cz\/index.php?rest_route=\/wp\/v2\/users\/1"}],"replies":[{"embeddable":true,"href":"http:\/\/ktvnepomuk.cz\/index.php?rest_route=%2Fwp%2Fv2%2Fcomments&post=816"}],"version-history":[{"count":4,"href":"http:\/\/ktvnepomuk.cz\/index.php?rest_route=\/wp\/v2\/pages\/816\/revisions"}],"predecessor-version":[{"id":820,"href":"http:\/\/ktvnepomuk.cz\/index.php?rest_route=\/wp\/v2\/pages\/816\/revisions\/820"}],"wp:attachment":[{"href":"http:\/\/ktvnepomuk.cz\/index.php?rest_route=%2Fwp%2Fv2%2Fmedia&parent=816"}],"curies":[{"name":"wp","href":"https:\/\/api.w.org\/{rel}","templated":true}]}}