{"id":622,"date":"2020-01-26T12:04:46","date_gmt":"2020-01-26T11:04:46","guid":{"rendered":"http:\/\/ktvnepomuk.cz\/?page_id=622"},"modified":"2023-02-07T10:38:14","modified_gmt":"2023-02-07T09:38:14","slug":"vyjadreni-site","status":"publish","type":"page","link":"http:\/\/ktvnepomuk.cz\/?page_id=622","title":{"rendered":"Vyj\u00e1d\u0159en\u00ed s\u00edt\u011b"},"content":{"rendered":"\n<p>Na z\u00e1klad\u011b \u017e\u00e1dosti stavebn\u00edk\u016f \u010di jimi pov\u011b\u0159en\u00fdch osob poskytujeme v souladu s \u00a7 161 z\u00e1kona \u010d. 183\/2006 Sb., o \u00fazemn\u00edm pl\u00e1nov\u00e1n\u00ed a stavebn\u00edm \u0159\u00e1du (stavebn\u00ed z\u00e1kon) vyj\u00e1d\u0159en\u00ed k existenci technick\u00e9 infrastruktury, v\u010detn\u011b uveden\u00ed podm\u00ednek ochrany dot\u010den\u00fdch s\u00edt\u00ed elektronick\u00fdch komunikac\u00ed a dal\u0161\u00edch nezbytn\u00fdch \u00fadaj\u016f pro projektovou \u010dinnost a proveden\u00ed stavby.<\/p>\n<p>\u017d\u00e1dosti zas\u00edlejte na email <strong><span style=\"text-decoration: underline;\"><span style=\"background-color: #ffffff;\"><span style=\"color: #000000;\"><a style=\"color: #000000; text-decoration: underline; background-color: #ffffff;\" href=\"mailto:vyjadreni@ktvnepomuk.cz\">vyjadreni@ktvnepomuk.cz<\/a><\/span><\/span><\/span><\/strong><\/p>\n<p>Nezbytn\u00e9 n\u00e1le\u017eitosti \u017e\u00e1dosti:<br \/>&#8211; jm\u00e9no investora (zplnomocn\u011bn\u00e9ho projektanta) + kontaktn\u00ed \u00fadaje<br \/>&#8211; n\u00e1zev stavby, pro kterou je vyj\u00e1d\u0159en\u00ed po\u017eadov\u00e1no a jej\u00ed stru\u010dn\u00fd popis<br \/>&#8211; jednozna\u010dn\u00e1 identifikace m\u00edsta stavby (obec, \u010d.p., parceln\u00ed \u010d\u00edslo)<br \/>&#8211; p\u0159\u00edlohou \u017e\u00e1dosti mus\u00ed b\u00fdt situa\u010dn\u00ed v\u00fdkres (p\u0159ehledn\u00e1 situace stavby)<\/p>\n<p>\u017d\u00e1dosti zaslan\u00e9 na jin\u00e9 ne\u017e v\u00fd\u0161e uvedenou adresu nemus\u00ed b\u00fdt akceptov\u00e1ny.<\/p>\n<p><span style=\"text-decoration: underline;\">CEN\u00cdK SLU\u017dEB<\/span> &#8211; (ceny bez DPH)<span style=\"text-decoration: underline;\"><br \/><\/span><\/p>\n<table style=\"border-collapse: collapse; width: 100%;\">\n<tbody>\n<tr>\n<td style=\"width: 85.3305%;\" colspan=\"2\">Vyj\u00e1d\u0159en\u00ed k existenci s\u00edt\u00ed do 30 dn\u016f<\/td>\n<td style=\"width: 14.1956%; text-align: right;\">150<\/td>\n<\/tr>\n<tr>\n<td style=\"width: 85.3305%;\" colspan=\"2\">Vyj\u00e1d\u0159en\u00ed k existenci do 3 prac. dn\u016f &#8211; expresn\u00ed<\/td>\n<td style=\"width: 14.1956%; text-align: right;\">300<\/td>\n<\/tr>\n<tr>\n<td style=\"width: 85.3305%;\" colspan=\"2\">Vyt\u00fd\u010den\u00ed s\u00edt\u00ed<\/td>\n<td style=\"width: 14.1956%; text-align: right;\">1000\/hod.<\/td>\n<\/tr>\n<tr>\n<td style=\"width: 85.3305%;\" colspan=\"2\">Duplik\u00e1t nebo prodlou\u017een\u00ed st\u00e1vaj\u00edc\u00edho vyj\u00e1d\u0159en\u00ed<\/td>\n<td style=\"width: 14.1956%; text-align: right;\">100<\/td>\n<\/tr>\n<tr>\n<td style=\"width: 85.3305%;\" colspan=\"2\">P\u0159em\u00edst\u011bn\u00ed telekomunika\u010dn\u00edch infrastruktur<\/td>\n<td style=\"width: 14.1956%; text-align: right;\">od 25000<\/td>\n<\/tr>\n<\/tbody>\n<\/table>\n<p><span style=\"text-decoration: underline;\">N\u00e1hrada , cena za opravu po\u0161kozen\u00e9 s\u00edt\u011b elektronick\u00fdch komunikac\u00ed:<\/span><br \/>N\u00e1hrada za po\u0161kozen\u00ed bez p\u0159edchoz\u00edho vyt\u00fd\u010den\u00ed &#8211; 50.000 bez DPH + oprava<br \/>N\u00e1hrada za po\u0161kozen\u00ed po p\u0159edchoz\u00edm vyt\u00fd\u010den\u00ed 100% rozsahu<\/p>\n<p>Poplatky za vyj\u00e1d\u0159en\u00ed k existenci vyjad\u0159uj\u00ed pouze \u010d\u00e1st skute\u010dn\u00fdch n\u00e1klad\u016f spojen\u00fdch s agendou poskytov\u00e1n\u00ed dan\u00fdch slu\u017eeb.<\/p>\n","protected":false},"excerpt":{"rendered":"<p>Na z\u00e1klad\u011b \u017e\u00e1dosti stavebn\u00edk\u016f \u010di jimi pov\u011b\u0159en\u00fdch osob poskytujeme v souladu s \u00a7 161 z\u00e1kona \u010d. 183\/2006 Sb., o \u00fazemn\u00edm pl\u00e1nov\u00e1n\u00ed a stavebn\u00edm \u0159\u00e1du (stavebn\u00ed z\u00e1kon) vyj\u00e1d\u0159en\u00ed k existenci technick\u00e9 infrastruktury, v\u010detn\u011b uveden\u00ed podm\u00ednek ochrany dot\u010den\u00fdch s\u00edt\u00ed elektronick\u00fdch komunikac\u00ed a dal\u0161\u00edch nezbytn\u00fdch \u00fadaj\u016f pro projektovou \u010dinnost a proveden\u00ed stavby. \u017d\u00e1dosti <a class=\"more-link\" href=\"http:\/\/ktvnepomuk.cz\/?page_id=622\">Cel\u00fd \u010dl\u00e1nek  <span class=\"screen-reader-text\">  Vyj\u00e1d\u0159en\u00ed s\u00edt\u011b<\/span><span class=\"meta-nav\">&rarr;<\/span><\/a><\/p>\n","protected":false},"author":1,"featured_media":0,"parent":0,"menu_order":0,"comment_status":"closed","ping_status":"closed","template":"","meta":[],"_links":{"self":[{"href":"http:\/\/ktvnepomuk.cz\/index.php?rest_route=\/wp\/v2\/pages\/622"}],"collection":[{"href":"http:\/\/ktvnepomuk.cz\/index.php?rest_route=\/wp\/v2\/pages"}],"about":[{"href":"http:\/\/ktvnepomuk.cz\/index.php?rest_route=\/wp\/v2\/types\/page"}],"author":[{"embeddable":true,"href":"http:\/\/ktvnepomuk.cz\/index.php?rest_route=\/wp\/v2\/users\/1"}],"replies":[{"embeddable":true,"href":"http:\/\/ktvnepomuk.cz\/index.php?rest_route=%2Fwp%2Fv2%2Fcomments&post=622"}],"version-history":[{"count":13,"href":"http:\/\/ktvnepomuk.cz\/index.php?rest_route=\/wp\/v2\/pages\/622\/revisions"}],"predecessor-version":[{"id":744,"href":"http:\/\/ktvnepomuk.cz\/index.php?rest_route=\/wp\/v2\/pages\/622\/revisions\/744"}],"wp:attachment":[{"href":"http:\/\/ktvnepomuk.cz\/index.php?rest_route=%2Fwp%2Fv2%2Fmedia&parent=622"}],"curies":[{"name":"wp","href":"https:\/\/api.w.org\/{rel}","templated":true}]}}