{"id":454,"date":"2017-12-27T08:49:39","date_gmt":"2017-12-27T07:49:39","guid":{"rendered":"http:\/\/ktvnepomuk.cz\/?page_id=454"},"modified":"2023-02-15T22:36:35","modified_gmt":"2023-02-15T21:36:35","slug":"novinky_archiv","status":"publish","type":"page","link":"http:\/\/ktvnepomuk.cz\/?page_id=454","title":{"rendered":"Novinky_archiv"},"content":{"rendered":"<p><strong>21.12. 2020<\/strong><br \/>\nDnes bylo obnoveno vys\u00edlan\u00ed program\u016f Eurosport 1 a 2. V p\u0159\u00edpad\u011b \u017ee V\u00e1m automaticky neuk\u00e1zal prove\u010fte manu\u00e1ln\u00ed lad\u011bn\u00ed kan\u00e1lu 33.<\/p>\n<p><strong>8.12. 2020<\/strong><br \/>\nV\u00e1\u017eeni z\u00e1kazn\u00edci , dnes byla z technick\u00fdch d\u016fvodu p\u0159eru\u0161ena stanice Eurosport1 a 2 z d\u016fvodu poruchy. Pracujeme na obnoven\u00ed sign\u00e1lu. D\u011bkujeme za pochopen\u00ed.<\/p>\n<p><strong>1.10. 2020<\/strong><br \/>\nOmlouv\u00e1me se za v\u00fdpadky program\u016f \u010cT1 HD,\u010cT2 HD, \u010cT24 HD, \u010cT Sport HD, \u010cT :D\/art HD. Jedn\u00e1 se o poruchu na distribu\u010dn\u00ed cest\u011b .<br \/>\nD\u011bkujeme za pochopen\u00ed.<\/p>\n<p><strong>13.4.2020 \u2013 16h<\/strong><br \/>\nDo\u0161lo k v\u00fdpadku elektrick\u00e9 energie z d\u016fvodu hav\u00e1rie na elektrick\u00e9m veden\u00ed.<br \/>\nB\u011bhem t\u00e9to doby bude v n\u011bkter\u00fdch lokalit\u00e1ch<strong> p\u0159eru\u0161en sign\u00e1l vys\u00edl\u00e1n\u00ed KTV<\/strong>.<br \/>\nD\u011bkujeme za pochopen\u00ed.<\/p>\n<p>22.03.2020<br \/>\n\u010cesk\u00e1 televize spou\u0161t\u00ed v pond\u011bl\u00ed 23. b\u0159ezna do\u010dasn\u00fd nov\u00fd program <strong>\u010cT3<\/strong>. D\u016fvodem je p\u0159edev\u0161\u00edm snaha televize pomoci nejohro\u017een\u011bj\u0161\u00ed skupin\u011b &#8211; star\u0161\u00edm lidem, kte\u0159\u00ed jsou v t\u00e9to dob\u011b nuceni z\u016fst\u00e1vat doma.<br \/>\nNa\u0161e kabelov\u00e1 televize program ji\u017e za\u0159adila do nab\u00eddky. Pro sledov\u00e1n\u00ed nov\u00e9ho programu \u010cT3 nemus\u00edte ladit va\u0161e televizory sta\u010di p\u0159epnout na pozici stanice Sport1 de kde bude program do\u010dasn\u011b vys\u00edlan.<\/p>\n<p>16.3.2020<br \/>\n<strong>Kabelov\u00e1 televize Nepomuk od pond\u011bl\u00ed 16. b\u0159ezna 2020 do odvol\u00e1n\u00ed omezuje provoz.<\/strong><\/p>\n<p>Kontaktn\u00ed m\u00edsto KTV Nepomuk je od pond\u011bl\u00ed 16. b\u0159ezna 2020 zav\u0159eno.<br \/>\nPro hl\u00e1\u0161en\u00ed poruch nebo p\u0159eru\u0161en\u00ed slu\u017eeb pou\u017eijte tel. 3737 00 999 nebo email servis@ktvnepomuk.cz<\/p>\n<p>KTV Nepomuk upozor\u0148uje, \u017ee a\u017e do odvol\u00e1n\u00ed nebudou prob\u00edhat instalace nov\u00fdch televizn\u00edch p\u0159\u00edpojek v dom\u00e1cnostech z\u00e1kazn\u00edk\u016f.<br \/>\nV p\u0159\u00edpad\u011b poruch budeme prov\u00e1d\u011bt pouze opravy rozvod\u016f, jejich\u017e provoz zaji\u0161\u0165uje KTV Nepomuk.<br \/>\nTechnici nebudou prov\u00e1d\u011bt v bytech z\u00e1kazn\u00edk\u016f lad\u011bn\u00ed televizor\u016f, set-top-boxu.<\/p>\n<p>V\u00fd\u0161e uveden\u00e9 kroky realizujeme s ohledem na sou\u010dasnou situaci s \u0161\u00ed\u0159en\u00edm koronavirov\u00e9 n\u00e1kazy v \u010cesk\u00e9 republice.<\/p>\n<p>16.2. 2020<br \/>\nV\u00e1\u017eeni z\u00e1kazn\u00edci , dnes byla z technick\u00fdch d\u016fvodu vypnuta n\u011bmeck\u00e1 programov\u00e1 nab\u00eddka.<\/p>\n<p>10.2.2020 &#8211; 16h<br \/>\nDo\u0161lo k v\u00fdpadku elektrick\u00e9 energie z d\u016fvodu hav\u00e1rie<br \/>\nna elektrick\u00e9m veden\u00ed.<br \/>\nB\u011bhem t\u00e9to doby bude v n\u011bkter\u00fdch lokalit\u00e1ch p\u0159eru\u0161en sign\u00e1l vys\u00edl\u00e1n\u00ed KTV.<br \/>\nD\u011bkujeme za pochopen\u00ed.<\/p>\n<p>27.1.2020<br \/>\nDnes si nala\u010fte sv\u00e9 televize pokud v\u00e1m nejde n\u011bjak\u00fd program z na\u0161\u00ed nab\u00eddky. Ohledn\u011b probl\u00e9m\u016f volejte pros\u00edm na toto telefonn\u00ed \u010d\u00edslo 373700999 nebo pi\u0161te na servis@ktvnepomuk.cz.<\/p>\n<p>Aktu\u00e1ln\u00ed seznam kan\u00e1lu je <a href=\"http:\/\/ktvnepomuk.cz\/?page_id=138\">zde<\/a>.<\/p>\n<p>V\u00e1\u017een\u00ed z\u00e1kazn\u00edci,<br \/>\nv d\u016fsledku ji\u017e p\u0159edem avizovan\u00fdch zm\u011bn v p\u0159\u00edjmu sign\u00e1lu pozemn\u00edho vys\u00edl\u00e1n\u00ed DVB-T , dojde ve dnech 26. \u2013 27. 1. 2020 k vypnut\u00ed SD nab\u00eddky kan\u00e1lu K9 \u2013 K12. T\u00edm p\u00e1dem bude nutn\u00e9 p\u0159eladit va\u0161e televizn\u00ed p\u0159ij\u00edma\u010de a set top boxy.<br \/>\nAbyste se vyhnuli komplikac\u00edm a mohli neru\u0161en\u011b sledovat Va\u0161e obl\u00edben\u00e9 po\u0159ady, doporu\u010dujeme V\u00e1m n\u00e1sleduj\u00edc\u00ed postup.<br \/>\nU t\u011bch z V\u00e1s, kte\u0159\u00ed ji\u017e set-top box vlastn\u00ed a maj\u00ed zapnut\u00e9 automatick\u00e9 aktualizace a \u0159azen\u00ed program\u016f LCN, prob\u011bhne zm\u011bna automaticky.<br \/>\nPokud si nejste jist\u00ed, zda pat\u0159\u00edte do t\u00e9to skupiny, zkuste si nyn\u00ed p\u0159epnout na program stanice Nova sport, a pokud vys\u00edl\u00e1n\u00ed neru\u0161en\u011b p\u0159ij\u00edm\u00e1te, je va\u0161e za\u0159\u00edzen\u00ed na zm\u011bnu p\u0159ipraven\u00e9. V opa\u010dn\u00e9m p\u0159\u00edpad\u011b V\u00e1m m\u016f\u017eeme nab\u00eddnout ji\u017e nalad\u011bn\u00fd set-top box, kter\u00fd je po p\u0159ipojen\u00ed pln\u011b funk\u010dn\u00ed a m\u016f\u017eete okam\u017eit\u011b sledovat vys\u00edl\u00e1n\u00ed p\u0159edem nalad\u011bn\u00fdch program\u016f.<br \/>\nV r\u00e1mci p\u0159elad\u011bn\u00ed jsme pro v\u00e1s t\u00e9\u017e roz\u0161\u00ed\u0159ili nab\u00eddku o vybran\u00e9 programy \u2013 Nicktoon, Nick jr., slovensk\u00fd program Trojka, Rebel 2, Prima comedy central a d\u00e1le n\u011bmeck\u00e9 programy RTL2, VOX, Super RTL a Euronews de.<br \/>\nV neposledn\u00ed \u0159ad\u011b n\u00e1s \u010dek\u00e1 velmi p\u0159\u00edjemn\u00e1 zm\u011bna. Nepomuck\u00fd informa\u010dn\u00ed kan\u00e1l NIKA TV bude nad\u00e1le mo\u017en\u00e9 p\u0159ij\u00edmat v HD kvalit\u011b a na jeho sou\u010dasnou pozici do 14 dn\u016f nastoup\u00ed vys\u00edl\u00e1n\u00ed region\u00e1ln\u00edho programu ZAK TV.<br \/>\nV p\u0159\u00edpad\u011b, \u017ee budete m\u00edt probl\u00e9my s t\u00edmto nalad\u011bn\u00edm, m\u016f\u017eete si objednat placen\u00fd servis na telefonn\u00edm \u010d\u00edsle 373700999 nebo na e-mailu servis@ktvnepomuk.cz.<\/p>\n<p>29.12.2019<br \/>\nProgramov\u00e1 nab\u00eddka byla roz\u0161\u00ed\u0159ena o stanici <strong>Nicktoons<\/strong>. Kan\u00e1l je ur\u010den d\u011btem ve v\u011bku 6-14 let.<br \/>\nNov\u00fd kan\u00e1l vypl\u0148uje mezeru mezi Nick Jr., kter\u00fd nab\u00edz\u00ed z\u00e1bavn\u00fd a interaktivn\u00ed obsah pro p\u0159ed\u0161kol\u00e1ky, a Nickelodeonem, kter\u00fd p\u0159in\u00e1\u0161\u00ed animovan\u00e9 a hran\u00e9 seri\u00e1ly popul\u00e1rn\u00ed mezi teenagery.<br \/>\nProgram nalad\u00edte na kan\u00e1lu 41 (634 MHz).<\/p>\n<p><strong>Zvy\u0161ujeme rychlost internetu na dvojnasobek !!<\/strong><br \/>\nV\u00e1noce je\u0161t\u011b nekon\u010d\u00ed, a i u n\u00e1s letos Je\u017e\u00ed\u0161ek nad\u011bluje. Zvy\u0161ujeme rychlost internetu na dvojnasobek. U z\u00e1kladn\u00edho tarifu<br \/>\nSKY-HOME-KTV na <strong>60Mbit.<\/strong><br \/>\nZjist\u011bte si dostupnost p\u0159ipojen\u00ed a nechte si od Je\u017e\u00ed\u0161ka nad\u011blit i VY.<\/p>\n<p>23.12.2019<br \/>\nOd dne\u0161n\u00edho dne m\u016f\u017eete naladit stanici \u010cT24 HD. Program nalad\u00edte na kan\u00e1lu 27 (522 MHz).<\/p>\n<p>16.12. 2016<br \/>\nOmlouv\u00e1me se za v\u00fdpadky mezi 21 \u2013 22h. Jednalo se o v\u00fdpadky el. energie na trase KTV. D\u011bkujeme za pochopen\u00ed.<\/p>\n<p>5.12.2019<br \/>\nProgramov\u00e1 nab\u00eddka byla roz\u0161\u00ed\u0159ena o stanici <strong>Nick jr.<\/strong> kter\u00fd vys\u00edl\u00e1 animovanou tvorbu nep\u0159etr\u017eit\u011b 24 hodin denn\u011b a je zam\u011b\u0159en p\u0159edev\u0161\u00edm na d\u011bti p\u0159ed\u0161koln\u00edho v\u011bku.<br \/>\nProgram m\u016f\u017eete naladit na kan\u00e1lu 26 spole\u010dn\u011b s novou pozic\u00ed stanice Nickelodeon.<\/p>\n<p>2.12.2019<br \/>\nNa programu CT24 se V\u00e1m nyn\u00ed zobrazuje symbol zna\u010d\u00edc\u00ed brzk\u00e9 vypnut\u00ed tohoto programu. Nemus\u00edte se ob\u00e1vat, \u017ee o tento program p\u0159ijdete. Jde pouze o vypnut\u00ed ve st\u00e1vaj\u00edc\u00ed verzi v SD form\u00e1tu, kter\u00e1 bude nahrazena verz\u00ed v HD form\u00e1tu. P\u0159echod n\u011bkter\u00fdch program\u016f v SD form\u00e1tu na form\u00e1t HD je zp\u016fsoben ukon\u010den\u00ed m vys\u00edl\u00e1n\u00ed DVB-T. Z tohoto d\u016fvodu mus\u00edme zm\u011bnit vstupn\u00ed p\u0159\u00edjem televizn\u00edho sign\u00e1lu. V t\u011bchto dnech budeme prov\u00e1d\u011bt p\u0159\u00edpravu na tuto zm\u011bnu, kter\u00e1 s sebou p\u0159inese roz\u0161\u00ed\u0159enou nab\u00eddku programov\u00e9 skladby o Prima Comedy Central, Nick Jr a Nicktoons. Zm\u011bna bude m\u00edt za n\u00e1sledek p\u0159elad\u011bn\u00ed n\u011bkter\u00fdch kan\u00e1l\u016f.<\/p>\n<p>D\u011bkujeme za pochopen\u00ed.<\/p>\n<p>24.4.2019<br \/>\nVe st\u0159edu 24. 4. 2019 v odpoledn\u00edch hodin\u00e1ch byla na hlavn\u00ed stanici provedeno ji\u017e d\u0159\u00edve avizovan\u00e9, vynucen\u00e9 p\u0159ela\u010fov\u00e1n\u00ed frekvenc\u00ed televizn\u00edch program\u016f.<\/p>\n<p>Na nov\u00e9 frekvenci K36 nyn\u00ed nalad\u00edte programy: JimJam, Discovery CZ, KinoSv\u011bt, TLC a nov\u011b na \u017e\u00e1dosti u\u017eivatel\u016f \u0160l\u00e1gr 2. Je nutn\u00e9 prov\u00e9st manu\u00e1ln\u00ed lad\u011bn\u00ed kan\u00e1lu 36. Program Animal Planet CZ byl p\u0159esunut na volnou pozici K30.<\/p>\n<p>D\u011bkujeme za pochopen\u00ed.<\/p>\n<p>8.2.2019<\/p>\n<div id=\"js_18t\" class=\"_5pbx userContent _3ds9 _3576\" data-ft=\"{&quot;tn&quot;:&quot;K&quot;}\">\n<p>Dnes od 10.00 &#8211; 16:00 nep\u016fjde kan\u00e1l K12 (Nova Action, Nova 2, Nova Gold, ZakTV, JOJ Family) z d\u016fvodu v\u00fdluky vys\u00edla\u010de Plze\u0148 &#8211; Vod\u00e1rna.<\/p>\n<p>D\u011bkujeme za pochopen\u00ed.<\/p>\n<\/div>\n<p>3.2.2019<\/p>\n<p><strong>Aktu\u00e1ln\u011b:<\/strong> Distribuce TV sign\u00e1lu je nyn\u00ed v obnovena.<\/p>\n<p>Dnes 8:30 hod. do\u0161lo k neohl\u00e1\u0161en\u00e9mu v\u00fdpadku elektrick\u00e9 energie z d\u016fvodu hav\u00e1rie<br \/>\nna elektrick\u00e9m veden\u00ed.<br \/>\nB\u011bhem t\u00e9to doby bude v n\u011bkter\u00fdch lokalit\u00e1ch p\u0159eru\u0161en sign\u00e1l vys\u00edl\u00e1n\u00ed KTV.<br \/>\nD\u011bkujeme za pochopen\u00ed.<\/p>\n<p>Provozovatel Kabelov\u00e9 TV firma KTV Nepomuk s. r.o. sd\u011bluje ob\u010dan\u016fm, \u017ee od 1.1.2019 m\u011bn\u00ed v\u00fd\u0161i p\u016flro\u010dn\u00edch a \u010dtvrtletn\u00edch plateb za KTV. Nov\u00e9 ceny jsou n\u00e1sleduj\u00edc\u00ed:<\/p>\n<p>ro\u010dn\u00ed platba \u2013 TV standard: 2.200,- K\u010d v\u010detn\u011b DPH \u2013 <strong>z\u016fst\u00e1v\u00e1 zachov\u00e1na<\/strong><br \/>\np\u016flro\u010dn\u00ed platba \u2013 TV standard: 1.150,- K\u010d v\u010detn\u011b DPH<br \/>\n\u010dtvrtletn\u00ed platba \u2013 TV standard: 630,- K\u010d v\u010detn\u011b DPH<\/p>\n<p>D\u016fvodem m\u00edrn\u00e9ho nav\u00fd\u0161en\u00ed jsou neust\u00e1le zvy\u0161uj\u00edc\u00ed se licen\u010dn\u00ed poplatky jednotliv\u00fdch program\u016f.<\/p>\n<p>6.8.2018<br \/>\nP\u0159eru\u0161en\u00ed vys\u00edl\u00e1n\u00ed NIKA-TV<br \/>\nZ d\u016fvodu technick\u00e9 z\u00e1vady na vys\u00edlac\u00edm za\u0159\u00edzen\u00ed z extr\u00e9m\u00edho horka, bylo p\u0159eru\u0161eno vys\u00edl\u00e1n\u00ed NIKA-TV. Na odstran\u011bn\u00ed z\u00e1vady pracujeme. P\u0159edpokl\u00e1dan\u00e9 spu\u0161t\u011bn\u00ed v \u00fater\u00fd 7.8. ve ve\u010dern\u00edch hodin\u00e1ch<br \/>\nJi\u0159\u00ed Berou\u0161ek MULTIMEDIA ACTIVITY<\/p>\n<p>28.6. 2018<br \/>\nV\u00e1\u017een\u00ed z\u00e1kazn\u00edci,<br \/>\nz d\u016fvodu neohl\u00e1\u0161en\u00e9 zm\u011bny distribuce programu Fishing and Hunting do\u0161lo k v\u00fdpadku vys\u00edlan\u00ed. Kan\u00e1l je ji\u017e op\u011bt v provozu. Jen je nutn\u00e9 si na Va\u0161em televizoru prov\u00e9st ru\u010dn\u00ed nalad\u011bn\u00ed na kan\u00e1lu 32 aby do\u0161lo k aktualizaci programu.<br \/>\nD\u011bkujeme za pochopen\u00ed<\/p>\n<p>11.6.2018<br \/>\nDnes doch\u00e1z\u00ed k v\u00fdpadk\u016fm kan\u00e1lu 33 (Eurosport1 a Eurosport2 ). Jedn\u00e1 se o poruchu v distribu\u010dn\u00edm centru. Za vznikl\u00e9 probl\u00e9my se omlouv\u00e1me.<\/p>\n<p>18.2.2018<br \/>\nV\u00e1\u017een\u00ed z\u00e1kazn\u00edci,<\/p>\n<p>dovolujeme si V\u00e1s upozornit, \u017ee dne 31.3.2018 bude ukon\u010deno vys\u00edl\u00e1n\u00ed v SD kvalit\u011b na kan\u00e1lu \u010cT :D a 30.4.2018 na \u010cT Sport.<\/p>\n<p>K p\u0159elad\u011bn\u00ed dojde z ned\u011ble 1.4.2018 na pond\u011bl\u00ed 2.4.2018, kdy je pot\u0159eba programy naladit na Va\u0161em televizoru. Oba programy budou vys\u00edl\u00e1ny pouze v HD kvalit\u011b. P\u0159\u00edjem t\u011bchto program\u016f mus\u00ed umo\u017e\u0148ovat Va\u0161e televize nebo SET-TOP Box.<br \/>\nV p\u0159\u00edpad\u011b, \u017ee toto neumo\u017e\u0148uje, budete pot\u0159ebovat nov\u00fd SET-TOP Box, kter\u00fd m\u00e1me v nab\u00eddce<br \/>\nza 699 K\u010d. Tento p\u0159\u00edstroj spl\u0148uje i novou normu DVB-T2 (HEVC), kter\u00fd bude v budoucnu pot\u0159eba.<\/p>\n<p>Pokud lad\u011bn\u00ed nezvl\u00e1dnete sami, kontaktujte n\u00e1s na tel. \u010d\u00edsle 373 700 999.<br \/>\n\u2022 poplatek za nalad\u011bn\u00ed &#8211; 100 K\u010d<br \/>\n\u2022 poplatek za se\u0159azen\u00ed program\u016f &#8211; 100 K\u010d<\/p>\n<p>Omlouv\u00e1me se za vznikl\u00e9 komplikace, kter\u00e9 bohu\u017eel nejsme schopni ovlivnit. V r\u00e1mci nutn\u00e9ho p\u0159elad\u011bn\u00ed roz\u0161i\u0159ujeme programovou nab\u00eddku o nov\u00e9 programy:<\/p>\n<p><strong>TLC<\/strong> &#8211; p\u0159in\u00e1\u0161\u00ed pozoruhodn\u00e9 p\u0159\u00edb\u011bhy z re\u00e1ln\u00e9ho \u017eivota, pln\u00e9 emoc\u00ed, humoru, nad\u011bje a lidskosti ve variaci \u017e\u00e1nrov\u00fdch po\u0159ad\u016f o svatb\u00e1ch, j\u00eddle, rodin\u011b a vztaz\u00edch<\/p>\n<p><strong>IDX<\/strong> &#8211; po\u0159ady s krimin\u00e1ln\u00ed tematikou<\/p>\n<p><strong>JOJ Cinema<\/strong> &#8211; P\u0159in\u00e1\u0161\u00ed bohat\u00fd program pro v\u0161echny filmov\u00e9 fanou\u0161ky a exkluzivn\u00ed \u010desko-slovensk\u00e9 filmov\u00e9 premi\u00e9ry v\u0161ech \u017e\u00e1nr\u016f.<\/p>\n<p>5.2. 2018<br \/>\nZ d\u016fvodu \u00fadr\u017eby s\u00edt\u011b KTV a roz\u0161i\u0159ov\u00e1n\u00ed lokalit s mo\u017enost\u00ed p\u0159ipojen\u00ed k internetu bude doch\u00e1zet od 12. &#8211; 16.2. 2018 v dob\u011b od 8.00 do 15.00 hod. ke kr\u00e1tkodob\u00fdm v\u00fdpadk\u016fm slu\u017eeb kabelov\u00e9 televize.<br \/>\nD\u011bkujeme za pochopen\u00ed.<\/p>\n<p>1.2.2018<br \/>\nPo dvout\u00fddenn\u00edm testovac\u00edm provozu byla roz\u0161\u00ed\u0159ena digit\u00e1ln\u00ed programov\u00e1 nab\u00eddka o Eurosport CZ a Eurosport 2 CZ. Programy m\u016f\u017eete naladit na kan\u00e1lu 33.<\/p>\n<p>26.1. 2018<br \/>\nDne 30.1. 2018 prob\u011bhne v dob\u011b od 7:30 do 11:00 odst\u00e1vka elekt\u0159iny. B\u011bhem t\u00e9to doby bude v n\u011bkter\u00fdch lokalit\u00e1ch Dvorce p\u0159eru\u0161en sign\u00e1l vys\u00edl\u00e1n\u00ed KTV.<br \/>\nD\u011bkujeme za pochopen\u00ed.<\/p>\n<p>18.1. 2018<br \/>\nOd dne\u0161n\u00edho dne m\u016f\u017eete naladit (K11) novou stanici Televize Seznam.<br \/>\nTelevize Seznam v\u00e1s bude denn\u011b informovat o nejz\u00e1sadn\u011bj\u0161\u00edch ud\u00e1lostech z domova i zahrani\u010d\u00ed. Bude se v\u011bnovat kauz\u00e1m, kter\u00e9 h\u00fdbou \u010deskou spole\u010dnost\u00ed, a p\u0159edstav\u00ed zaj\u00edmav\u00e9 osobnosti ze sv\u011bta politiky, ekonomiky, kultury, sportu i dal\u0161\u00edch oblast\u00ed. O z\u00e1bavu se postaraj\u00ed po\u0159ady o \u017eivotn\u00edm stylu a seri\u00e1ly z produkce Stream.cz.<\/p>\n<p>16.1. 2018<br \/>\nOd \u00fanora 2018 bude na\u0161e programov\u00e1 nab\u00eddka roz\u0161\u00ed\u0159ena o sportovn\u00ed programy Eurosport 1 a Eurosport 2 v \u010de\u0161tin\u011b, kter\u00e9 jsou a\u017e do roku 2024 exkluzivn\u00edm dr\u017eitelem pr\u00e1v pro olympijsk\u00e9 hry.<\/p>\n<p>Provozovatel KTV Nepomuk firma KTV Nepomuk, spol. s r.o. sd\u011bluje ob\u010dan\u016fm, \u017ee od 1.1.2018 se m\u011bn\u00ed v\u00fdb\u011brn\u00ed m\u00edsto plateb za KTV Nepomuk. Nov\u00e1 adresa pro v\u00fdb\u011br hotovostn\u00edch plateb je: Husova 286, Nepomuk.<\/p>\n<p><strong>Internetov\u00e9 p\u0159ipojen\u00ed prost\u0159ednictv\u00edm rozvod\u016f KTV &#8211;\u00a0 dostupn\u00e9 lokality <\/strong><strong>Nepomuk 444-455, 492-495<\/strong><\/p>\n<p>13.10.2017<br \/>\nV\u00e1\u017een\u00ed z\u00e1kazn\u00edci.<br \/>\nVe dnech\u00a0 <strong>18, 24, 25 a 30.\u0159\u00edjna 2017<\/strong> prob\u011bhnou v dob\u011b od 7:30 do 15:00 pl\u00e1novan\u00e1 odst\u00e1vky elekt\u0159iny. B\u011bhem t\u00e9to doby bude v n\u011bkter\u00fdch\u00a0 lokalit\u00e1ch Nepomuka a Dvorce p\u0159eru\u0161en sign\u00e1l vys\u00edl\u00e1n\u00ed KTV Nepomuk.<br \/>\nD\u011bkujeme za pochopen\u00ed.<br \/>\n28.7. 2016<br \/>\nOmlouv\u00e1me se za n\u00e1hodn\u00e9 v\u00fdpadky \u010cT HD a \u010cT2 HD. Probl\u00e9m \u0159e\u0161\u00edme s dodavatelem technologie. D\u011bkujeme za pochopen\u00ed.<\/p>\n<p>23.5.2017<br \/>\nVe st\u0159edu 24. 5. 2017 prob\u011bhne pl\u00e1novan\u00e1 v\u00fdluka TV a rozhlasov\u00e9ho vys\u00edl\u00e1n\u00ed z vys\u00edla\u010de Plze\u0148 &#8211; Kra\u0161ov. V\u00fdluka TV vys\u00edl\u00e1n\u00ed potrv\u00e1 od 06:00 do 15:00 hod.<br \/>\nZ vys\u00edla\u010de Kra\u0161ov nebude aktu\u00e1ln\u011b vys\u00edlat ve\u0159ejnopr\u00e1vn\u00ed multiplex 1 \u010cesk\u00e9 televize, multiplex 2 a multiplex 3.<\/p>\n<p>1.3.2017<br \/>\nNa \u00fazem\u00ed \u010cesk\u00e9 republiky, od dne\u0161n\u00edho dne ji\u017e nen\u00ed program TV Dajto (HD) dostupn\u00fd.<br \/>\nDnes byla roz\u0161\u00ed\u0159ena digit\u00e1ln\u00ed programov\u00e1 nab\u00eddka o program JOJ Family.<\/p>\n<p>14.11.2016<br \/>\nDnes do\u0161lo k p\u0159elad\u011bn\u00ed vys\u00edlac\u00edch frekvenc\u00ed pros\u00edme prola\u010fte si va\u0161e televize (K27 a K28 &#8211; \u010cT HD, \u010cT2 HD, \u010cT sport HD )<\/p>\n<p>24.5. 2016<br \/>\nDnes byla roz\u0161\u00ed\u0159ena digit\u00e1ln\u00ed programov\u00e1 nab\u00eddka o program Prima MAX HD a Prima ZOOM HD. Z technick\u00fdch d\u016fvod\u016f bylo nutn\u00e9 p\u0159eladit televizn\u00ed stanici CS FILM. Programy nalad\u00edte na kan\u00e1lu 35.<\/p>\n<p>25.4. 2016<br \/>\nDNES DO\u0160LO K P\u0158ELAD\u011aN\u00cd VYS\u00cdLAC\u00cd STANICE<br \/>\nJe nutn\u00e9 naladit V\u00e1\u0161 set-top box nebo televizi.<br \/>\nZa tyto nep\u0159\u00edjemnosti, kter\u00e9 nem\u016f\u017eeme ovlivnit, se omlouv\u00e1me.<\/p>\n<p>12.4.2016<br \/>\nZ d\u016fvodu vyp\u00edn\u00e1n\u00ed SD sign\u00e1l\u016f na satelitn\u00edch platform\u00e1ch, kter\u00e9 jsou zdrojem televizn\u00edho sign\u00e1lu pro kabelovou televizi, jsme nuceni p\u0159eladit celou vys\u00edlac\u00ed stanici ke kter\u00e9 dojde dne 24.4. 2016 v no\u010dn\u00edch hodin\u00e1ch. Byl vytvo\u0159en paket tzv. retransmodul\u00e1tor\u016f, kter\u00e9 umo\u017enily vytvo\u0159it SD rastr z terestri\u00e1ln\u00edch multiplex\u016f a to na K9 \u2013 K12 (ji\u017e te\u010f ve zku\u0161ebn\u00edm provozu). Tato nab\u00eddka m\u016f\u017ee podl\u00e9hat jednak ru\u0161en\u00ed z klimatick\u00fdch vliv\u016f, ale i vlivu zm\u011bn, kter\u00e9 se na terestri\u00e1ln\u00ed platform\u011b o\u010dek\u00e1vaj\u00ed. T\u00edm to krokem vych\u00e1z\u00edme vst\u0159\u00edc u\u017eivatel\u016fm, aby nemuseli kupovat nov\u00fd HD set-top box a fungovala jim z\u00e1kladn\u00ed nab\u00eddka.\u00a0 Za tyto nep\u0159\u00edjemnosti, kter\u00e9 nem\u016f\u017eeme ovlivnit, se omlouv\u00e1me.<\/p>\n<p>9.2. 2016<br \/>\nDnes byla roz\u0161\u00ed\u0159ena digit\u00e1ln\u00ed programov\u00e1 nab\u00eddka o program Prima MAX. Program nalad\u00edte na kan\u00e1lu 29.<\/p>\n<p>8.2. 2016<br \/>\nOmlouv\u00e1me se za v\u00fdpadky mezi 16 \u2013 18h. Jednalo se o v\u00fdpadky el. energie na trase KTV. D\u011bkujeme za pochopen\u00ed.<\/p>\n<p>2.2. 2016<br \/>\nD\u011btsk\u00fd program\u00a0 Jimjim lze do\u010dasn\u011b naladit na K34. D\u011bkujeme za pochopen\u00ed.<\/p>\n<p>6.1.2016<br \/>\nDnes kolem 18.00 do\u0161lo k v\u00fdpadku kan\u00e1lu 31 (JimJam, Sport5, M\u0148am TV, Nickelodeon, CSFILM, RELAX, Rebel). Jedn\u00e1 se o poruchu v distribu\u010dn\u00edm centru. Za vznikl\u00e9 probl\u00e9my se omlouv\u00e1me.<\/p>\n<p>20.12.2015<br \/>\nDnes byla roz\u0161\u00ed\u0159ena digit\u00e1ln\u00ed programov\u00e1 nab\u00eddka o programy Ocko TV, Barrandov Plus, Barrandov MUZIKA<\/p>\n<p>30.7. 2015<br \/>\nZ technick\u00fdch d\u016fvod\u016f bylo nutn\u00e9 p\u0159eladit televizn\u00ed stanice: CS FILM, RELAX, Rebel na K31.<\/p>\n<p>28.3.2015<br \/>\nDne 1.4. bude ukon\u010deno ji\u017e d\u0159\u00edve avizovan\u00e9 vys\u00edl\u00e1n\u00ed programu Film+ na kan\u00e1lu 25. Na uvoln\u011bn\u00e9 frekvenci budou do nab\u00eddky nov\u011b za\u0159azeny digit\u00e1ln\u00ed programy: Eurosport Germany, RTL Austria, EuroNews<\/p>\n<p>25.3.2015<br \/>\nOmlouv\u00e1me se za v\u00fdpadky v distribuci programu \u010cT1,\u010cT2, \u010cT sport od 21.00 &#8211; 24.00. Jednalo se o z\u00e1vadu na distribu\u010dn\u00ed trase sign\u00e1lu.<\/p>\n<p>2.3.2015<br \/>\nDnes byla roz\u0161\u00ed\u0159ena digit\u00e1ln\u00ed programov\u00e1 nab\u00eddka na kan\u00e1lu \u010d.31 o programy M\u0148am TV a Nickelodeon<\/p>\n<p>13.1.2015<br \/>\nDnes\u00a0 doch\u00e1z\u00ed na kan\u00e1lu K28 ukon\u010den\u00ed programu \u010cT SPORT HD, po 13.1.2015 prola\u010fte kan\u00e1l K25, K28 a K31.<\/p>\n<p>16.12. 2014<br \/>\nDnes byl hudebn\u00ed program \u0160l\u00e1gr v analogov\u00e9 nab\u00eddce p\u0159elad\u011bn z K38 na S32.<br \/>\nD\u011bkujeme za pochopen\u00ed.<\/p>\n<p>12.12. 2014<br \/>\nDnes byl op\u011bt za\u0159azen do programov\u00e9 nab\u00eddky d\u011btsk\u00fd televizn\u00ed kan\u00e1l JimJam a nov\u011b programy Sport5 a Retro Music Television. Pro p\u0159\u00edjem je nutn\u00fd HD televizor.<br \/>\nOmlouv\u00e1me zp\u016fsoben\u00e9 probl\u00e9my.<\/p>\n<p>10.12. 2014<br \/>\nDneska bude v\u00fdpadek KTV z d\u016fvodu vypnut\u00ed el. proud v Nepomuku.<\/p>\n<p>9.12. 2014<br \/>\nDnes byl z technick\u00fdch d\u016fvod\u016f vy\u0159azen z programov\u00e9 nab\u00eddky d\u011btsk\u00fd televizn\u00ed kan\u00e1l JimJam.<\/p>\n<p>7.12. 2014<br \/>\nP\u0159ipravujeme do v\u00e1no\u010dn\u00edch sv\u00e1tk\u016f roz\u0161\u00ed\u0159en\u00ed programov\u00e9 nab\u00eddky.<br \/>\nO jejich za\u0159azen\u00ed do programov\u00e9 nab\u00eddky v\u00e1s budeme informovat.<\/p>\n<p>12.11. 2014<br \/>\nDne 15.11. bude prob\u00edhat \u00fadr\u017eba vys\u00edlac\u00ed techniky. Omluvte pros\u00edm kr\u00e1tkodob\u00e9 v\u00fdpadky. D\u011bkujeme<\/p>\n<p>6.3. 2014<br \/>\nKan\u00e1l 28 op\u011bt v provozu (NOVA HD, PRIMA HD, \u010cT4 SPORT HD).<\/p>\n<p>25.2.2014<br \/>\nDnes do\u0161lo k p\u0159elad\u011bn\u00ed vys\u00edlac\u00edch frekvenc\u00ed pros\u00edme proladte si va\u0161e televize. Z technick\u00fdch d\u016fvod\u016f do\u010dasn\u011b nevys\u00edl\u00e1 K28 (HD programy).<\/p>\n<p>15.2.2014<br \/>\nV \u00fater\u00fd 25. 2. 2014 od 8.00 do 12.00 hod. bude na hlavn\u00ed stanici provedeno ji\u017e d\u0159\u00edve avizovan\u00e9, vynucen\u00e9 p\u0159ela\u010fov\u00e1n\u00ed frekvenc\u00ed.<br \/>\nU\u017eivatel\u00e9 digit\u00e1ln\u00edho syst\u00e9mu kabelov\u00e9 televize mus\u00ed n\u00e1sledn\u011b znovu proladit na set-top boxech (DVB-T tunerech) kan\u00e1ly: K21, K22, K24, K25, K27, K28, K29, K31 a nov\u011b naladit K32.<br \/>\nN\u011bkter\u00e9 programy p\u0159e\u0161ly z mpeg2 do syst\u00e9mu mpeg4 a bude je proto mo\u017en\u00e9 p\u0159ij\u00edmat pouze na HD televiz\u00edch nebo na HD set-top boxech.<\/p>\n<h4>*<\/h4>\n<p>24.01.14<br \/>\nDne 3.\u00fanora v dopoledn\u00edch hodin\u00e1ch dojde k 1.etap\u011b p\u0159elad\u011bn\u00ed kan\u00e1l\u016f K21,K22,K28, na kter\u00fdch vys\u00edl\u00e1j\u00ed : \u010cT 1,\u010cT 2,\u010cT 4,\u010cT 24, \u010cT D,Prima,Noe, Nova HD,Prima HD,\u010cT4 HD.<br \/>\nNebudou-li tyto kan\u00e1ly v odpoledn\u00edch hodin\u00e1ch pln\u011b funk\u010dn\u00ed,je t\u0159eba je p\u0159eladit.na jinou frekvenci.Na\u0161\u00ed maxim\u00e1ln\u00ed snahou v\u0161ak je,abyste nic nepoznali.D\u011bkujeme za pochopen\u00ed.<\/p>\n<p>*<br \/>\nNezaj\u00edmav\u00e9 stanice TV8 byla nahrazena stanic\u00ed Pohoda Rebel. Sta\u010d\u00ed tak proladit digit\u00e1ln\u00ed kan\u00e1l K29.<br \/>\n*<br \/>\nDne 21. 8. 2013 byl p\u0159edlad\u011bn program \u010cT :D \/ \u010cT ART na 22 digit\u00e1ln\u00edm kan\u00e1lu.<br \/>\n*<br \/>\nZanikl\u00e1 TV P\u011btka byla nahrazena TV POHODA pro d\u011bti a ml\u00e1de\u017e, kterou m\u016f\u017eete naladit na digit\u00e1ln\u00edm kan\u00e1lu 29.<br \/>\n*<br \/>\nBylo spu\u0161t\u011bno vys\u00edl\u00e1n\u00ed televizn\u00edch stanic TELKA a SM\u00cdCHOV.<\/p>\n<p>*<br \/>\n<strong>Digitalizace KTV Nepomuk dokon\u010dena<\/strong><\/p>\n<p>Pokud m\u00e1te probl\u00e9m s nalazen\u00edm \u010di pot\u0159ebujete set-top box m\u016f\u017eete n\u00e1s kontaktovat r\u00e1di v\u0161e za V\u00e1s vy\u0159e\u0161\u00edme.<\/p>\n","protected":false},"excerpt":{"rendered":"<p>21.12. 2020 Dnes bylo obnoveno vys\u00edlan\u00ed program\u016f Eurosport 1 a 2. V p\u0159\u00edpad\u011b \u017ee V\u00e1m automaticky neuk\u00e1zal prove\u010fte manu\u00e1ln\u00ed lad\u011bn\u00ed kan\u00e1lu 33. 8.12. 2020 V\u00e1\u017eeni z\u00e1kazn\u00edci , dnes byla z technick\u00fdch d\u016fvodu p\u0159eru\u0161ena stanice Eurosport1 a 2 z d\u016fvodu poruchy. Pracujeme na obnoven\u00ed sign\u00e1lu. D\u011bkujeme za pochopen\u00ed. 1.10. 2020 Omlouv\u00e1me <a class=\"more-link\" href=\"http:\/\/ktvnepomuk.cz\/?page_id=454\">Cel\u00fd \u010dl\u00e1nek  <span class=\"screen-reader-text\">  Novinky_archiv<\/span><span class=\"meta-nav\">&rarr;<\/span><\/a><\/p>\n","protected":false},"author":1,"featured_media":0,"parent":0,"menu_order":0,"comment_status":"closed","ping_status":"closed","template":"","meta":[],"_links":{"self":[{"href":"http:\/\/ktvnepomuk.cz\/index.php?rest_route=\/wp\/v2\/pages\/454"}],"collection":[{"href":"http:\/\/ktvnepomuk.cz\/index.php?rest_route=\/wp\/v2\/pages"}],"about":[{"href":"http:\/\/ktvnepomuk.cz\/index.php?rest_route=\/wp\/v2\/types\/page"}],"author":[{"embeddable":true,"href":"http:\/\/ktvnepomuk.cz\/index.php?rest_route=\/wp\/v2\/users\/1"}],"replies":[{"embeddable":true,"href":"http:\/\/ktvnepomuk.cz\/index.php?rest_route=%2Fwp%2Fv2%2Fcomments&post=454"}],"version-history":[{"count":3,"href":"http:\/\/ktvnepomuk.cz\/index.php?rest_route=\/wp\/v2\/pages\/454\/revisions"}],"predecessor-version":[{"id":762,"href":"http:\/\/ktvnepomuk.cz\/index.php?rest_route=\/wp\/v2\/pages\/454\/revisions\/762"}],"wp:attachment":[{"href":"http:\/\/ktvnepomuk.cz\/index.php?rest_route=%2Fwp%2Fv2%2Fmedia&parent=454"}],"curies":[{"name":"wp","href":"https:\/\/api.w.org\/{rel}","templated":true}]}}