{"id":142,"date":"2014-01-01T20:23:02","date_gmt":"2014-01-01T20:23:02","guid":{"rendered":"http:\/\/video4all.cz\/?page_id=142"},"modified":"2024-07-12T12:22:12","modified_gmt":"2024-07-12T11:22:12","slug":"kontakt","status":"publish","type":"page","link":"http:\/\/ktvnepomuk.cz\/?page_id=142","title":{"rendered":"Kontakt"},"content":{"rendered":"<p>Provozovatel kabelov\u00e9 televize Nepomuk a dr\u017eitel licence k televizn\u00edmu vys\u00edl\u00e1n\u00ed prost\u0159ednictv\u00edm kabelov\u00fdch syst\u00e9m\u016f s programem NIKA-TV (\u010d.j. Ru\/282\/02\/3111 vydan\u00e9 3. prosince 2002):<\/p>\n<p><strong>KTV Nepomuk s.r.o.<\/strong><br \/>\nI\u010cO: 00670146<br \/>\nHusova 274, 335 01 Nepomuk<br \/>\nE-mail: info@ktvnepomuk.cz<\/p>\n<p><strong>servis KTV\u00a0 &#8211; hl\u00e1\u0161en\u00ed poruch:\u00a0 TEL. 373700999<br \/>\n<\/strong>E-mail:<span style=\"color: #000000;\"><a href=\"mailto:servis@ktvnepomuk.cz\"><span style=\"color: #000000;\">servis@ktvnepomuk.cz<\/span><\/a><\/span><\/p>\n<address>\u00a0<\/address>\n<address>\n<div class=\"wpcf7 no-js\" id=\"wpcf7-f303-o1\" lang=\"cs-CZ\" dir=\"ltr\">\n<div class=\"screen-reader-response\"><p role=\"status\" aria-live=\"polite\" aria-atomic=\"true\"><\/p> <ul><\/ul><\/div>\n<form action=\"\/index.php?rest_route=%2Fwp%2Fv2%2Fpages%2F142#wpcf7-f303-o1\" method=\"post\" class=\"wpcf7-form init\" aria-label=\"Kontaktn\u00ed formul\u00e1\u0159\" novalidate=\"novalidate\" data-status=\"init\">\n<div style=\"display: none;\">\n<input type=\"hidden\" name=\"_wpcf7\" value=\"303\" \/>\n<input type=\"hidden\" name=\"_wpcf7_version\" value=\"5.7.3\" \/>\n<input type=\"hidden\" name=\"_wpcf7_locale\" value=\"cs_CZ\" \/>\n<input type=\"hidden\" name=\"_wpcf7_unit_tag\" value=\"wpcf7-f303-o1\" \/>\n<input type=\"hidden\" name=\"_wpcf7_container_post\" value=\"0\" \/>\n<input type=\"hidden\" name=\"_wpcf7_posted_data_hash\" value=\"\" \/>\n<input type=\"hidden\" name=\"_wpcf7_recaptcha_response\" value=\"\" \/>\n<\/div>\n<p>Va\u0161e jm\u00e9no (vy\u017eadov\u00e1no)\n<\/p>\n<p><span class=\"wpcf7-form-control-wrap\" data-name=\"your-name\"><input size=\"40\" class=\"wpcf7-form-control wpcf7-text wpcf7-validates-as-required\" aria-required=\"true\" aria-invalid=\"false\" value=\"\" type=\"text\" name=\"your-name\" \/><\/span>\n<\/p>\n<p>V\u00e1\u0161 email (vy\u017eadov\u00e1no)\n<\/p>\n<p><span class=\"wpcf7-form-control-wrap\" data-name=\"your-email\"><input size=\"40\" class=\"wpcf7-form-control wpcf7-text wpcf7-email wpcf7-validates-as-required wpcf7-validates-as-email\" aria-required=\"true\" aria-invalid=\"false\" value=\"\" type=\"email\" name=\"your-email\" \/><\/span>\n<\/p>\n<p>P\u0159edm\u011bt\n<\/p>\n<p><span class=\"wpcf7-form-control-wrap\" data-name=\"your-subject\"><input size=\"40\" class=\"wpcf7-form-control wpcf7-text\" aria-invalid=\"false\" value=\"\" type=\"text\" name=\"your-subject\" \/><\/span>\n<\/p>\n<p>Va\u0161e zpr\u00e1va\n<\/p>\n<p><span class=\"wpcf7-form-control-wrap\" data-name=\"your-message\"><textarea cols=\"40\" rows=\"10\" class=\"wpcf7-form-control wpcf7-textarea\" aria-invalid=\"false\" name=\"your-message\"><\/textarea><\/span>\n<\/p>\n\n\n<p><input class=\"wpcf7-form-control has-spinner wpcf7-submit\" type=\"submit\" value=\"Odeslat\" \/>\n<\/p><div class=\"wpcf7-response-output\" aria-hidden=\"true\"><\/div>\n<\/form>\n<\/div>\n<\/address>\n<address><span style=\"color: #3366ff;\"><strong>PROJEKT: Zv\u00fd\u0161en\u00ed digit\u00e1ln\u00ed \u00farovn\u011b proces\u016f ve spole\u010dnosti KTV Nepomuk s.r.o. <\/strong>je spolufinancov\u00e1n<strong> Evropskou uni\u00ed.<\/strong><\/span><\/p>\n<p>C\u00edlem projektu je budov\u00e1n\u00ed digit\u00e1ln\u00edho podniku a zv\u00fd\u0161en\u00ed digit\u00e1ln\u00ed \u00farovn\u011b proces\u016f ve spole\u010dnosti KTV Nepomuk s.r.o. D\u00edl\u010d\u00edm v\u00fdstupem je po\u0159\u00edzen\u00ed HW a SW n\u00e1stroj\u016f nev\u00fdrobn\u00edho charakteru, prost\u0159ednictv\u00edm kter\u00fdch dojde k digit\u00e1ln\u00ed transformaci spole\u010dnosti, a t\u00edm p\u00e1dem ke zv\u00fd\u0161en\u00ed efektivity, pos\u00edlen\u00ed ekonomick\u00e9 rentability a zv\u00fd\u0161en\u00ed \u00farovn\u011b kybernetick\u00e9 bezpe\u010dnosti a digitalizace.<\/p>\n<\/address>\n","protected":false},"excerpt":{"rendered":"<p>Provozovatel kabelov\u00e9 televize Nepomuk a dr\u017eitel licence k televizn\u00edmu vys\u00edl\u00e1n\u00ed prost\u0159ednictv\u00edm kabelov\u00fdch syst\u00e9m\u016f s programem NIKA-TV (\u010d.j. Ru\/282\/02\/3111 vydan\u00e9 3. prosince 2002): KTV Nepomuk s.r.o. I\u010cO: 00670146 Husova 274, 335 01 Nepomuk E-mail: info@ktvnepomuk.cz servis KTV\u00a0 &#8211; hl\u00e1\u0161en\u00ed poruch:\u00a0 TEL. 373700999 E-mail:servis@ktvnepomuk.cz \u00a0 PROJEKT: Zv\u00fd\u0161en\u00ed digit\u00e1ln\u00ed \u00farovn\u011b proces\u016f ve spole\u010dnosti <a class=\"more-link\" href=\"http:\/\/ktvnepomuk.cz\/?page_id=142\">Cel\u00fd \u010dl\u00e1nek  <span class=\"screen-reader-text\">  Kontakt<\/span><span class=\"meta-nav\">&rarr;<\/span><\/a><\/p>\n","protected":false},"author":1,"featured_media":0,"parent":0,"menu_order":0,"comment_status":"closed","ping_status":"closed","template":"","meta":[],"_links":{"self":[{"href":"http:\/\/ktvnepomuk.cz\/index.php?rest_route=\/wp\/v2\/pages\/142"}],"collection":[{"href":"http:\/\/ktvnepomuk.cz\/index.php?rest_route=\/wp\/v2\/pages"}],"about":[{"href":"http:\/\/ktvnepomuk.cz\/index.php?rest_route=\/wp\/v2\/types\/page"}],"author":[{"embeddable":true,"href":"http:\/\/ktvnepomuk.cz\/index.php?rest_route=\/wp\/v2\/users\/1"}],"replies":[{"embeddable":true,"href":"http:\/\/ktvnepomuk.cz\/index.php?rest_route=%2Fwp%2Fv2%2Fcomments&post=142"}],"version-history":[{"count":24,"href":"http:\/\/ktvnepomuk.cz\/index.php?rest_route=\/wp\/v2\/pages\/142\/revisions"}],"predecessor-version":[{"id":811,"href":"http:\/\/ktvnepomuk.cz\/index.php?rest_route=\/wp\/v2\/pages\/142\/revisions\/811"}],"wp:attachment":[{"href":"http:\/\/ktvnepomuk.cz\/index.php?rest_route=%2Fwp%2Fv2%2Fmedia&parent=142"}],"curies":[{"name":"wp","href":"https:\/\/api.w.org\/{rel}","templated":true}]}}