{"id":140,"date":"2014-01-01T20:21:20","date_gmt":"2014-01-01T20:21:20","guid":{"rendered":"http:\/\/video4all.cz\/?page_id=140"},"modified":"2026-01-08T12:32:11","modified_gmt":"2026-01-08T11:32:11","slug":"cena-a-platba","status":"publish","type":"page","link":"http:\/\/ktvnepomuk.cz\/?page_id=140","title":{"rendered":"Cen\u00edk"},"content":{"rendered":"<div id=\"contents\">\n<div id=\"content_0\">\n<div id=\"contents\">\n<div id=\"content_0\">\n<p><strong>poplatek KT na rok 2025<\/strong><br \/>\nro\u010dn\u00ed platba &#8211; TV roz\u0161\u00ed\u0159en\u00e1 nab\u00eddka: 2.560 k\u010d v\u010detn\u011b DPH ( 213k\u010d\/m\u011bs\u00edc)<br \/>\np\u016flro\u010dn\u00ed platba &#8211; TV roz\u0161\u00ed\u0159en\u00e1 nab\u00eddka: 1.450 k\u010d v\u010detn\u011b DPH<br \/>\n\u010dtvrtletn\u00ed platba &#8211; TV roz\u0161\u00ed\u0159en\u00e1 nab\u00eddka: 750 k\u010d v\u010detn\u011b DPH<br \/>\nm\u011bs\u00ed\u010dn\u00ed platba &#8211; TV roz\u0161\u00ed\u0159en\u00e1 nab\u00eddka: 260 k\u010d v\u010detn\u011b DPH<\/p>\n<ul>\n<li>Poplatek za znovup\u0159ipojen\u00ed \u00fa\u010dastn\u00edka po odpojen\u00ed 300 K\u010d<\/li>\n<li>Lad\u011bn\u00ed TV (za ka\u017ed\u00fdch 30 minut zapo\u010dat\u00e9 doby) 250 K\u010d<\/li>\n<li>Poplatek za p\u00edsemnou upom\u00ednku p\u0159i neplacen\u00ed poplatk\u016f 100 K\u010d<\/li>\n<li>Poplatek za plan\u00fd v\u00fdjezd servisu p\u0159i neopr\u00e1vn\u011bn\u00e9 reklamaci 350 K\u010d<\/li>\n<li>Sank\u010dn\u00ed poplatek za neleg\u00e1ln\u00ed p\u0159ipojen\u00ed nebo umo\u017en\u011bn\u00ed neleg\u00e1ln\u00edho p\u0159ipojen\u00ed 10 000 K\u010d<\/li>\n<\/ul>\n<p><strong>Splatnost:<\/strong><br \/>\nro\u010dn\u00ed platba do 15. 2. 2026<br \/>\npololetn\u00ed platba do 31. 1. 2026 a 31. 7. 2026<br \/>\n\u010dtvrtletn\u00ed platba do 31.1., 31.3., 30.6., 30.9. 2026<\/p>\n<p>Bankovn\u00ed spojen\u00ed KTV Nepomuk: \u010d. \u00fa\u010dtu 296739145\/0300<\/p>\n<p><strong>Je nutn\u00e9 uv\u00e9st variabiln\u00ed symbol, kter\u00fd zjist\u00edte:<\/strong><\/p>\n<ul>\n<li>na pokladn\u00edm dokladu za rok 2025<\/li>\n<li>na tel. \u010d\u00edsle 373 700 999<\/li>\n<\/ul>\n<p>Konstantn\u00ed symbol bezhotovostn\u00ed platby je 558.<\/p>\n<p>Alternativn\u011b je mo\u017en\u00e9 zaplatit hotov\u011b ve firm\u011b SKY Trade s.r.o., Husova 286, Nepomuk\u00a0 &#8211; MAPA <strong><a href=\"https:\/\/mapy.cz\/s\/2gSBs\">ZDE<\/a><\/strong><\/p>\n<p><span style=\"text-decoration: underline;\">Dokumenty ke sta\u017een\u00ed:<\/span>\u00a0\u00a0 <a href=\"http:\/\/ktvnepomuk.cz\/wp-content\/uploads\/2019\/02\/V\u0161eobecn\u00e9-podm\u00ednky-2018.pdf\">V\u0161eobecn\u00e9 podm\u00ednky<\/a> \u00a0 \u00a0<a href=\"http:\/\/ktvnepomuk.cz\/wp-content\/uploads\/2019\/02\/Smlouva-2019.pdf\">Smlouva<\/a><\/p>\n<\/div>\n<\/div>\n<\/div>\n<\/div>\n","protected":false},"excerpt":{"rendered":"<p>poplatek KT na rok 2025 ro\u010dn\u00ed platba &#8211; TV roz\u0161\u00ed\u0159en\u00e1 nab\u00eddka: 2.560 k\u010d v\u010detn\u011b DPH ( 213k\u010d\/m\u011bs\u00edc) p\u016flro\u010dn\u00ed platba &#8211; TV roz\u0161\u00ed\u0159en\u00e1 nab\u00eddka: 1.450 k\u010d v\u010detn\u011b DPH \u010dtvrtletn\u00ed platba &#8211; TV roz\u0161\u00ed\u0159en\u00e1 nab\u00eddka: 750 k\u010d v\u010detn\u011b DPH m\u011bs\u00ed\u010dn\u00ed platba &#8211; TV roz\u0161\u00ed\u0159en\u00e1 nab\u00eddka: 260 k\u010d v\u010detn\u011b DPH Poplatek za znovup\u0159ipojen\u00ed <a class=\"more-link\" href=\"http:\/\/ktvnepomuk.cz\/?page_id=140\">Cel\u00fd \u010dl\u00e1nek  <span class=\"screen-reader-text\">  Cen\u00edk<\/span><span class=\"meta-nav\">&rarr;<\/span><\/a><\/p>\n","protected":false},"author":1,"featured_media":0,"parent":0,"menu_order":0,"comment_status":"closed","ping_status":"closed","template":"","meta":[],"_links":{"self":[{"href":"http:\/\/ktvnepomuk.cz\/index.php?rest_route=\/wp\/v2\/pages\/140"}],"collection":[{"href":"http:\/\/ktvnepomuk.cz\/index.php?rest_route=\/wp\/v2\/pages"}],"about":[{"href":"http:\/\/ktvnepomuk.cz\/index.php?rest_route=\/wp\/v2\/types\/page"}],"author":[{"embeddable":true,"href":"http:\/\/ktvnepomuk.cz\/index.php?rest_route=\/wp\/v2\/users\/1"}],"replies":[{"embeddable":true,"href":"http:\/\/ktvnepomuk.cz\/index.php?rest_route=%2Fwp%2Fv2%2Fcomments&post=140"}],"version-history":[{"count":43,"href":"http:\/\/ktvnepomuk.cz\/index.php?rest_route=\/wp\/v2\/pages\/140\/revisions"}],"predecessor-version":[{"id":851,"href":"http:\/\/ktvnepomuk.cz\/index.php?rest_route=\/wp\/v2\/pages\/140\/revisions\/851"}],"wp:attachment":[{"href":"http:\/\/ktvnepomuk.cz\/index.php?rest_route=%2Fwp%2Fv2%2Fmedia&parent=140"}],"curies":[{"name":"wp","href":"https:\/\/api.w.org\/{rel}","templated":true}]}}