{"id":138,"date":"2014-01-01T20:20:19","date_gmt":"2014-01-01T20:20:19","guid":{"rendered":"http:\/\/video4all.cz\/?page_id=138"},"modified":"2024-03-12T10:47:54","modified_gmt":"2024-03-12T09:47:54","slug":"jak-naladit","status":"publish","type":"page","link":"http:\/\/ktvnepomuk.cz\/?page_id=138","title":{"rendered":"Jak naladit"},"content":{"rendered":"<div id=\"contents\">\n<div id=\"content_0\">\n<p><strong>Majitel\u00e9 televizn\u00edch p\u0159ij\u00edma\u010d\u016f s digit\u00e1ln\u00edm tunerem a majitel\u00e9 set-top box\u016f nalad\u00ed na kan\u00e1lech K21 \u2013 K41 celkem 75 digitalizovan\u00fdch TV kan\u00e1l\u016f (DVB-T).<br \/>\n<\/strong><\/p>\n<p><strong>K21<\/strong><strong>:<\/strong> Nova HD, Prima HD<br \/>\n<strong>K22<\/strong><strong>:<\/strong> Nova Action HD, Prima Cool HD<br \/>\n<strong>K23<\/strong><strong>:<\/strong> Nova Cinema HD, Nova Sport HD<br \/>\n<strong>K24:<\/strong> Leo TV, Nova Sport 2 HD, Nova FUN, Nova Gold<br \/>\n<strong>K25:<\/strong> EuroNews<br \/>\n<strong>K26:<\/strong> Nickelodeon, Nick jr., Nicktoons<br \/>\n<strong>K27:<\/strong> \u010cT1 HD, \u010cT2 HD, \u010cT24 HD<br \/>\n<strong>K28:<\/strong> \u010cT3 HD, \u010cT Sport HD, \u010cT :D\/ART HD<br \/>\n<strong>K29:<\/strong> Retro Music TV, Hobby TV, region\u00e1ln\u00edtelevize<br \/>\n<strong>K30:<\/strong> ID Xtra, ZAK-TV, Animal Planet CZ, Discovery CZ<br \/>\n<strong>K31:<\/strong> Jednotka HD, Dvojka HD, Trojka, TV Noe HD, TV Lux<br \/>\n<strong>K32:<\/strong> Fishing and Hunting<br \/>\n<strong>K33:<\/strong> Eurosport 1cz, Eurosport 2cz<br \/>\n<strong>K34:<\/strong> JOJ Cinema HD, Seznam.cz HD, \u0160l\u00e1ger MUZIKA, CS History<br \/>\n<strong>K35:<\/strong> Prima MAX HD, Prima ZOOM HD, PRIMA LOVE HD,Paramount Network, CS FILM, CS Horror<br \/>\n<strong>K36:<\/strong> CS Mystery, TLC, \u0160l\u00e1gr 2, Prima KRIMI<br \/>\n<strong>K37:<\/strong> NIKA\u2013TV, Rebel, \u00d3\u010dko TV, \u00d3\u010dko Star, Relax<br \/>\n<del><\/del><strong>K38:<\/strong> \u0160l\u00e1gr Premium HD, Nova LADY, CNN Prima News HD, Prima STAR, Prima Show<br \/>\n<strong>K39:<\/strong> TV Barrandov HD, Kino Barrandov, Barrandov Krimi<br \/>\n<strong>K40:<\/strong> Mnam TV, Markiza Int., JOJ Family<br \/>\n<strong>K41:<\/strong> <del>Nicktoons<\/del><br \/>\n<strong>K44:<\/strong> service &#8211; test<br \/>\n<del><\/del><\/p>\n<\/div>\n<\/div>\n","protected":false},"excerpt":{"rendered":"<p>Majitel\u00e9 televizn\u00edch p\u0159ij\u00edma\u010d\u016f s digit\u00e1ln\u00edm tunerem a majitel\u00e9 set-top box\u016f nalad\u00ed na kan\u00e1lech K21 \u2013 K41 celkem 75 digitalizovan\u00fdch TV kan\u00e1l\u016f (DVB-T). K21: Nova HD, Prima HD K22: Nova Action HD, Prima Cool HD K23: Nova Cinema HD, Nova Sport HD K24: Leo TV, Nova Sport 2 HD, Nova FUN, <a class=\"more-link\" href=\"http:\/\/ktvnepomuk.cz\/?page_id=138\">Cel\u00fd \u010dl\u00e1nek  <span class=\"screen-reader-text\">  Jak naladit<\/span><span class=\"meta-nav\">&rarr;<\/span><\/a><\/p>\n","protected":false},"author":1,"featured_media":0,"parent":0,"menu_order":0,"comment_status":"closed","ping_status":"closed","template":"","meta":[],"_links":{"self":[{"href":"http:\/\/ktvnepomuk.cz\/index.php?rest_route=\/wp\/v2\/pages\/138"}],"collection":[{"href":"http:\/\/ktvnepomuk.cz\/index.php?rest_route=\/wp\/v2\/pages"}],"about":[{"href":"http:\/\/ktvnepomuk.cz\/index.php?rest_route=\/wp\/v2\/types\/page"}],"author":[{"embeddable":true,"href":"http:\/\/ktvnepomuk.cz\/index.php?rest_route=\/wp\/v2\/users\/1"}],"replies":[{"embeddable":true,"href":"http:\/\/ktvnepomuk.cz\/index.php?rest_route=%2Fwp%2Fv2%2Fcomments&post=138"}],"version-history":[{"count":88,"href":"http:\/\/ktvnepomuk.cz\/index.php?rest_route=\/wp\/v2\/pages\/138\/revisions"}],"predecessor-version":[{"id":796,"href":"http:\/\/ktvnepomuk.cz\/index.php?rest_route=\/wp\/v2\/pages\/138\/revisions\/796"}],"wp:attachment":[{"href":"http:\/\/ktvnepomuk.cz\/index.php?rest_route=%2Fwp%2Fv2%2Fmedia&parent=138"}],"curies":[{"name":"wp","href":"https:\/\/api.w.org\/{rel}","templated":true}]}}